{"id":17,"date":"2025-08-05T14:58:40","date_gmt":"2025-08-05T14:58:40","guid":{"rendered":"https:\/\/businessclaim.be\/?page_id=17"},"modified":"2025-11-02T15:03:03","modified_gmt":"2025-11-02T15:03:03","slug":"nos-services","status":"publish","type":"page","link":"https:\/\/businessclaim.be\/nl\/nos-services\/","title":{"rendered":"Onze diensten"},"content":{"rendered":"<div data-elementor-type=\"wp-page\" data-elementor-id=\"17\" class=\"elementor elementor-17\" data-elementor-post-type=\"page\">\n\t\t\t\t<div class=\"elementor-element elementor-element-b4e6820 e-flex e-con-boxed e-con e-parent\" data-id=\"b4e6820\" data-element_type=\"container\" data-e-type=\"container\" data-settings=\"{&quot;background_background&quot;:&quot;classic&quot;}\">\n\t\t\t\t\t<div class=\"e-con-inner\">\n\t\t<div class=\"elementor-element elementor-element-8e2f0ca e-con-full e-flex e-con e-child\" data-id=\"8e2f0ca\" data-element_type=\"container\" data-e-type=\"container\">\n\t\t\t\t<div class=\"elementor-element elementor-element-ef7c27c elementor-widget__width-initial elementor-widget elementor-widget-image\" data-id=\"ef7c27c\" data-element_type=\"widget\" data-e-type=\"widget\" data-widget_type=\"image.default\">\n\t\t\t\t\t\t\t\t\t\t\t\t\t\t\t<img fetchpriority=\"high\" decoding=\"async\" width=\"512\" height=\"512\" src=\"https:\/\/businessclaim.be\/wp-content\/uploads\/2025\/08\/cropped-cropped-WhatsApp-Image-2025-08-06-at-14.29.00.png\" class=\"attachment-large size-large wp-image-373\" alt=\"\" srcset=\"https:\/\/businessclaim.be\/wp-content\/uploads\/2025\/08\/cropped-cropped-WhatsApp-Image-2025-08-06-at-14.29.00.png 512w, https:\/\/businessclaim.be\/wp-content\/uploads\/2025\/08\/cropped-cropped-WhatsApp-Image-2025-08-06-at-14.29.00-300x300.png 300w, https:\/\/businessclaim.be\/wp-content\/uploads\/2025\/08\/cropped-cropped-WhatsApp-Image-2025-08-06-at-14.29.00-150x150.png 150w, https:\/\/businessclaim.be\/wp-content\/uploads\/2025\/08\/cropped-cropped-WhatsApp-Image-2025-08-06-at-14.29.00-270x270.png 270w, https:\/\/businessclaim.be\/wp-content\/uploads\/2025\/08\/cropped-cropped-WhatsApp-Image-2025-08-06-at-14.29.00-192x192.png 192w, https:\/\/businessclaim.be\/wp-content\/uploads\/2025\/08\/cropped-cropped-WhatsApp-Image-2025-08-06-at-14.29.00-180x180.png 180w, https:\/\/businessclaim.be\/wp-content\/uploads\/2025\/08\/cropped-cropped-WhatsApp-Image-2025-08-06-at-14.29.00-32x32.png 32w\" sizes=\"(max-width: 512px) 100vw, 512px\" \/>\t\t\t\t\t\t\t\t\t\t\t\t\t\t\t<\/div>\n\t\t\t\t<div class=\"elementor-element elementor-element-cd4fd7f elementor-widget elementor-widget-heading\" data-id=\"cd4fd7f\" data-element_type=\"widget\" data-e-type=\"widget\" data-widget_type=\"heading.default\">\n\t\t\t\t\t<h1 class=\"elementor-heading-title elementor-size-default\">Advocaat commerci\u00eble geschillen in Belgi\u00eb - BusinessClaim Expertise<\/h1>\t\t\t\t<\/div>\n\t\t\t\t<\/div>\n\t\t<div class=\"elementor-element elementor-element-e1bc18f e-con-full e-flex e-con e-child\" data-id=\"e1bc18f\" data-element_type=\"container\" data-e-type=\"container\">\n\t\t\t\t<div class=\"elementor-element elementor-element-1875667 elementor-widget elementor-widget-button\" data-id=\"1875667\" data-element_type=\"widget\" data-e-type=\"widget\" data-widget_type=\"button.default\">\n\t\t\t\t\t\t\t\t\t\t<a class=\"elementor-button elementor-button-link elementor-size-sm\" href=\"https:\/\/businessclaim.be\/nl\/a-propos-de-nous\/\">\n\t\t\t\t\t\t<span class=\"elementor-button-content-wrapper\">\n\t\t\t\t\t\t\t\t\t<span class=\"elementor-button-text\">Over ons<\/span>\n\t\t\t\t\t<\/span>\n\t\t\t\t\t<\/a>\n\t\t\t\t\t\t\t\t<\/div>\n\t\t\t\t<div class=\"elementor-element elementor-element-91ccf42 elementor-widget elementor-widget-button\" data-id=\"91ccf42\" data-element_type=\"widget\" data-e-type=\"widget\" data-widget_type=\"button.default\">\n\t\t\t\t\t\t\t\t\t\t<a class=\"elementor-button elementor-button-link elementor-size-sm\" href=\"https:\/\/businessclaim.be\/nl\/nous-contacter\/\">\n\t\t\t\t\t\t<span class=\"elementor-button-content-wrapper\">\n\t\t\t\t\t\t\t\t\t<span class=\"elementor-button-text\">Neem contact op met<\/span>\n\t\t\t\t\t<\/span>\n\t\t\t\t\t<\/a>\n\t\t\t\t\t\t\t\t<\/div>\n\t\t\t\t<\/div>\n\t\t\t\t\t<\/div>\n\t\t\t\t<\/div>\n\t\t<div class=\"elementor-element elementor-element-bb942d0 e-flex e-con-boxed e-con e-parent\" data-id=\"bb942d0\" data-element_type=\"container\" data-e-type=\"container\">\n\t\t\t\t\t<div class=\"e-con-inner\">\n\t\t\t\t<div class=\"elementor-element elementor-element-9bb261c elementor-grid-3 elementor-grid-tablet-2 elementor-grid-mobile-1 elementor-posts--thumbnail-top elementor-card-shadow-yes elementor-posts__hover-gradient elementor-widget elementor-widget-posts\" data-id=\"9bb261c\" data-element_type=\"widget\" data-e-type=\"widget\" data-settings=\"{&quot;cards_row_gap_tablet&quot;:{&quot;unit&quot;:&quot;px&quot;,&quot;size&quot;:20,&quot;sizes&quot;:[]},&quot;cards_columns&quot;:&quot;3&quot;,&quot;cards_columns_tablet&quot;:&quot;2&quot;,&quot;cards_columns_mobile&quot;:&quot;1&quot;,&quot;cards_row_gap&quot;:{&quot;unit&quot;:&quot;px&quot;,&quot;size&quot;:35,&quot;sizes&quot;:[]},&quot;cards_row_gap_mobile&quot;:{&quot;unit&quot;:&quot;px&quot;,&quot;size&quot;:&quot;&quot;,&quot;sizes&quot;:[]}}\" data-widget_type=\"posts.cards\">\n\t\t\t\t<div class=\"elementor-widget-container\">\n\t\t\t\t\t\t\t<div class=\"elementor-posts-container elementor-posts elementor-posts--skin-cards elementor-grid\" role=\"list\">\n\t\t\t\t<article class=\"elementor-post elementor-grid-item post-179 service type-service status-publish has-post-thumbnail hentry\" role=\"listitem\">\n\t\t\t<div class=\"elementor-post__card\">\n\t\t\t\t<a class=\"elementor-post__thumbnail__link\" href=\"https:\/\/businessclaim.be\/nl\/service\/recouvrement-de-creances-commerciales\/\" tabindex=\"-1\" ><div class=\"elementor-post__thumbnail\"><img decoding=\"async\" width=\"300\" height=\"187\" data-src=\"https:\/\/businessclaim.be\/wp-content\/uploads\/2025\/08\/222-300x187.webp\" class=\"attachment-medium size-medium wp-image-246 lazyload\" alt=\"Symbolique droit commercial entreprise Belgique - BusinessClaim expertise\" data-srcset=\"https:\/\/businessclaim.be\/wp-content\/uploads\/2025\/08\/222-300x187.webp 300w, https:\/\/businessclaim.be\/wp-content\/uploads\/2025\/08\/222-1024x637.webp 1024w, https:\/\/businessclaim.be\/wp-content\/uploads\/2025\/08\/222-768x478.webp 768w, https:\/\/businessclaim.be\/wp-content\/uploads\/2025\/08\/222.webp 1500w\" data-sizes=\"(max-width: 300px) 100vw, 300px\" src=\"data:image\/svg+xml;base64,PHN2ZyB3aWR0aD0iMSIgaGVpZ2h0PSIxIiB4bWxucz0iaHR0cDovL3d3dy53My5vcmcvMjAwMC9zdmciPjwvc3ZnPg==\" style=\"--smush-placeholder-width: 300px; --smush-placeholder-aspect-ratio: 300\/187;\" \/><\/div><\/a>\n\t\t\t\t<div class=\"elementor-post__text\">\n\t\t\t\t<h3 class=\"elementor-post__title\">\n\t\t\t<a href=\"https:\/\/businessclaim.be\/nl\/service\/recouvrement-de-creances-commerciales\/\" >\n\t\t\t\tCommerci\u00eble schuldinvordering\t\t\t<\/a>\n\t\t<\/h3>\n\t\t\t\t<div class=\"elementor-post__excerpt\">\n\t\t\t<p>Een onbetaalde bedrijfsschuld is nooit onbeduidend. Het blokkeert je cashflow, schaadt je bedrijf, put je teams uit en ondermijnt je marges. Hoe langer je wacht, hoe groter het risico op wanbetaling. Op\t\t<\/div>\n\t\t\t\t\t<div class=\"elementor-post__read-more-wrapper\">\n\t\t\n\t\t<a class=\"elementor-post__read-more\" href=\"https:\/\/businessclaim.be\/nl\/service\/recouvrement-de-creances-commerciales\/\" aria-label=\"Read more about Recouvrement de cr\u00e9ances commerciales\" tabindex=\"-1\" >\n\t\t\tLees meer \"\t\t<\/a>\n\n\t\t\t\t\t<\/div>\n\t\t\t\t<\/div>\n\t\t\t\t\t<\/div>\n\t\t<\/article>\n\t\t\t\t<article class=\"elementor-post elementor-grid-item post-180 service type-service status-publish has-post-thumbnail hentry\" role=\"listitem\">\n\t\t\t<div class=\"elementor-post__card\">\n\t\t\t\t<a class=\"elementor-post__thumbnail__link\" href=\"https:\/\/businessclaim.be\/nl\/service\/ruptures-de-contrat\/\" tabindex=\"-1\" ><div class=\"elementor-post__thumbnail\"><img decoding=\"async\" width=\"300\" height=\"257\" data-src=\"https:\/\/businessclaim.be\/wp-content\/uploads\/2025\/08\/23511-300x257.webp\" class=\"attachment-medium size-medium wp-image-245 lazyload\" alt=\"Symbolique droit commercial entreprise Belgique - BusinessClaim expertise\" data-srcset=\"https:\/\/businessclaim.be\/wp-content\/uploads\/2025\/08\/23511-300x257.webp 300w, https:\/\/businessclaim.be\/wp-content\/uploads\/2025\/08\/23511-1024x876.webp 1024w, https:\/\/businessclaim.be\/wp-content\/uploads\/2025\/08\/23511-768x657.webp 768w, https:\/\/businessclaim.be\/wp-content\/uploads\/2025\/08\/23511-1536x1313.webp 1536w, https:\/\/businessclaim.be\/wp-content\/uploads\/2025\/08\/23511.webp 2000w\" data-sizes=\"(max-width: 300px) 100vw, 300px\" src=\"data:image\/svg+xml;base64,PHN2ZyB3aWR0aD0iMSIgaGVpZ2h0PSIxIiB4bWxucz0iaHR0cDovL3d3dy53My5vcmcvMjAwMC9zdmciPjwvc3ZnPg==\" style=\"--smush-placeholder-width: 300px; --smush-placeholder-aspect-ratio: 300\/257;\" \/><\/div><\/a>\n\t\t\t\t<div class=\"elementor-post__text\">\n\t\t\t\t<h3 class=\"elementor-post__title\">\n\t\t\t<a href=\"https:\/\/businessclaim.be\/nl\/service\/ruptures-de-contrat\/\" >\n\t\t\t\tContractbreuk\t\t\t<\/a>\n\t\t<\/h3>\n\t\t\t\t<div class=\"elementor-post__excerpt\">\n\t\t\t<p>Slecht beheerde contractschendingen kunnen kostbaar zijn: bedrijfsonderbrekingen, omzetverlies, oneerlijke beschuldigingen. Onze rol is het kwalificeren van de contractbreuk, het veiligstellen van uw\t\t<\/div>\n\t\t\t\t\t<div class=\"elementor-post__read-more-wrapper\">\n\t\t\n\t\t<a class=\"elementor-post__read-more\" href=\"https:\/\/businessclaim.be\/nl\/service\/ruptures-de-contrat\/\" aria-label=\"Read more about Ruptures de contrat\" tabindex=\"-1\" >\n\t\t\tLees meer \"\t\t<\/a>\n\n\t\t\t\t\t<\/div>\n\t\t\t\t<\/div>\n\t\t\t\t\t<\/div>\n\t\t<\/article>\n\t\t\t\t<article class=\"elementor-post elementor-grid-item post-181 service type-service status-publish has-post-thumbnail hentry\" role=\"listitem\">\n\t\t\t<div class=\"elementor-post__card\">\n\t\t\t\t<a class=\"elementor-post__thumbnail__link\" href=\"https:\/\/businessclaim.be\/nl\/service\/non-conformite-dans-les-livraisons-ou-prestations\/\" tabindex=\"-1\" ><div class=\"elementor-post__thumbnail\"><img decoding=\"async\" width=\"300\" height=\"169\" data-src=\"https:\/\/businessclaim.be\/wp-content\/uploads\/2025\/08\/law_26-300x169.webp\" class=\"attachment-medium size-medium wp-image-113 lazyload\" alt=\"\u00c9quipe d&#039;avocats BusinessClaim r\u00e9union strat\u00e9gique litiges commerciaux\" data-srcset=\"https:\/\/businessclaim.be\/wp-content\/uploads\/2025\/08\/law_26-300x169.webp 300w, https:\/\/businessclaim.be\/wp-content\/uploads\/2025\/08\/law_26-1024x576.webp 1024w, https:\/\/businessclaim.be\/wp-content\/uploads\/2025\/08\/law_26-768x432.webp 768w, https:\/\/businessclaim.be\/wp-content\/uploads\/2025\/08\/law_26-1536x864.webp 1536w, https:\/\/businessclaim.be\/wp-content\/uploads\/2025\/08\/law_26.webp 1920w\" data-sizes=\"(max-width: 300px) 100vw, 300px\" src=\"data:image\/svg+xml;base64,PHN2ZyB3aWR0aD0iMSIgaGVpZ2h0PSIxIiB4bWxucz0iaHR0cDovL3d3dy53My5vcmcvMjAwMC9zdmciPjwvc3ZnPg==\" style=\"--smush-placeholder-width: 300px; --smush-placeholder-aspect-ratio: 300\/169;\" \/><\/div><\/a>\n\t\t\t\t<div class=\"elementor-post__text\">\n\t\t\t\t<h3 class=\"elementor-post__title\">\n\t\t\t<a href=\"https:\/\/businessclaim.be\/nl\/service\/non-conformite-dans-les-livraisons-ou-prestations\/\" >\n\t\t\t\tNiet-conformiteit van leveringen of diensten\t\t\t<\/a>\n\t\t<\/h3>\n\t\t\t\t<div class=\"elementor-post__excerpt\">\n\t\t\t<p>Een niet-conform product, een slecht uitgevoerde site, een onvolledige service... en uw hele organisatie lijdt eronder. Of het nu gaat om een industri\u00eble levering, een digitaal project of een service\t\t<\/div>\n\t\t\t\t\t<div class=\"elementor-post__read-more-wrapper\">\n\t\t\n\t\t<a class=\"elementor-post__read-more\" href=\"https:\/\/businessclaim.be\/nl\/service\/non-conformite-dans-les-livraisons-ou-prestations\/\" aria-label=\"Read more about Non-conformit\u00e9 dans les livraisons ou prestations\" tabindex=\"-1\" >\n\t\t\tLees meer \"\t\t<\/a>\n\n\t\t\t\t\t<\/div>\n\t\t\t\t<\/div>\n\t\t\t\t\t<\/div>\n\t\t<\/article>\n\t\t\t\t<article class=\"elementor-post elementor-grid-item post-182 service type-service status-publish has-post-thumbnail hentry\" role=\"listitem\">\n\t\t\t<div class=\"elementor-post__card\">\n\t\t\t\t<a class=\"elementor-post__thumbnail__link\" href=\"https:\/\/businessclaim.be\/nl\/service\/concurrence-deloyale\/\" tabindex=\"-1\" ><div class=\"elementor-post__thumbnail\"><img decoding=\"async\" width=\"300\" height=\"257\" data-src=\"https:\/\/businessclaim.be\/wp-content\/uploads\/2025\/08\/23511-300x257.webp\" class=\"attachment-medium size-medium wp-image-245 lazyload\" alt=\"Symbolique droit commercial entreprise Belgique - BusinessClaim expertise\" data-srcset=\"https:\/\/businessclaim.be\/wp-content\/uploads\/2025\/08\/23511-300x257.webp 300w, https:\/\/businessclaim.be\/wp-content\/uploads\/2025\/08\/23511-1024x876.webp 1024w, https:\/\/businessclaim.be\/wp-content\/uploads\/2025\/08\/23511-768x657.webp 768w, https:\/\/businessclaim.be\/wp-content\/uploads\/2025\/08\/23511-1536x1313.webp 1536w, https:\/\/businessclaim.be\/wp-content\/uploads\/2025\/08\/23511.webp 2000w\" data-sizes=\"(max-width: 300px) 100vw, 300px\" src=\"data:image\/svg+xml;base64,PHN2ZyB3aWR0aD0iMSIgaGVpZ2h0PSIxIiB4bWxucz0iaHR0cDovL3d3dy53My5vcmcvMjAwMC9zdmciPjwvc3ZnPg==\" style=\"--smush-placeholder-width: 300px; --smush-placeholder-aspect-ratio: 300\/257;\" \/><\/div><\/a>\n\t\t\t\t<div class=\"elementor-post__text\">\n\t\t\t\t<h3 class=\"elementor-post__title\">\n\t\t\t<a href=\"https:\/\/businessclaim.be\/nl\/service\/concurrence-deloyale\/\" >\n\t\t\t\tOneerlijke concurrentie\t\t\t<\/a>\n\t\t<\/h3>\n\t\t\t\t<div class=\"elementor-post__excerpt\">\n\t\t\t<p>Heb je de indruk te worden gekopieerd, gestolen of gesaboteerd door een concurrent, een voormalige collega of een derde partij? Sommige gedragingen overschrijden de rode lijn. Ons kantoor kan u helpen een einde te maken aan\t\t<\/div>\n\t\t\t\t\t<div class=\"elementor-post__read-more-wrapper\">\n\t\t\n\t\t<a class=\"elementor-post__read-more\" href=\"https:\/\/businessclaim.be\/nl\/service\/concurrence-deloyale\/\" aria-label=\"Read more about Concurrence d\u00e9loyale\" tabindex=\"-1\" >\n\t\t\tLees meer \"\t\t<\/a>\n\n\t\t\t\t\t<\/div>\n\t\t\t\t<\/div>\n\t\t\t\t\t<\/div>\n\t\t<\/article>\n\t\t\t\t<article class=\"elementor-post elementor-grid-item post-183 service type-service status-publish has-post-thumbnail hentry\" role=\"listitem\">\n\t\t\t<div class=\"elementor-post__card\">\n\t\t\t\t<a class=\"elementor-post__thumbnail__link\" href=\"https:\/\/businessclaim.be\/nl\/service\/litiges-dans-les-reseaux-de-distribution-franchise-ou-agence\/\" tabindex=\"-1\" ><div class=\"elementor-post__thumbnail\"><img decoding=\"async\" width=\"300\" height=\"169\" data-src=\"https:\/\/businessclaim.be\/wp-content\/uploads\/2025\/08\/law_26-300x169.webp\" class=\"attachment-medium size-medium wp-image-113 lazyload\" alt=\"\u00c9quipe d&#039;avocats BusinessClaim r\u00e9union strat\u00e9gique litiges commerciaux\" data-srcset=\"https:\/\/businessclaim.be\/wp-content\/uploads\/2025\/08\/law_26-300x169.webp 300w, https:\/\/businessclaim.be\/wp-content\/uploads\/2025\/08\/law_26-1024x576.webp 1024w, https:\/\/businessclaim.be\/wp-content\/uploads\/2025\/08\/law_26-768x432.webp 768w, https:\/\/businessclaim.be\/wp-content\/uploads\/2025\/08\/law_26-1536x864.webp 1536w, https:\/\/businessclaim.be\/wp-content\/uploads\/2025\/08\/law_26.webp 1920w\" data-sizes=\"(max-width: 300px) 100vw, 300px\" src=\"data:image\/svg+xml;base64,PHN2ZyB3aWR0aD0iMSIgaGVpZ2h0PSIxIiB4bWxucz0iaHR0cDovL3d3dy53My5vcmcvMjAwMC9zdmciPjwvc3ZnPg==\" style=\"--smush-placeholder-width: 300px; --smush-placeholder-aspect-ratio: 300\/169;\" \/><\/div><\/a>\n\t\t\t\t<div class=\"elementor-post__text\">\n\t\t\t\t<h3 class=\"elementor-post__title\">\n\t\t\t<a href=\"https:\/\/businessclaim.be\/nl\/service\/litiges-dans-les-reseaux-de-distribution-franchise-ou-agence\/\" >\n\t\t\t\tGeschillen in distributienetwerken, franchises of agentschappen\t\t\t<\/a>\n\t\t<\/h3>\n\t\t\t\t<div class=\"elementor-post__excerpt\">\n\t\t\t<p>In een verkoopnetwerk ontstaan snel conflicten: plotselinge be\u00ebindiging, lagere marges, het niet respecteren van een gebied, onbetaalde commissies.<\/p>\t\t<\/div>\n\t\t\t\t\t<div class=\"elementor-post__read-more-wrapper\">\n\t\t\n\t\t<a class=\"elementor-post__read-more\" href=\"https:\/\/businessclaim.be\/nl\/service\/litiges-dans-les-reseaux-de-distribution-franchise-ou-agence\/\" aria-label=\"Read more about Litiges dans les r\u00e9seaux de distribution, franchise ou agence\" tabindex=\"-1\" >\n\t\t\tLees meer \"\t\t<\/a>\n\n\t\t\t\t\t<\/div>\n\t\t\t\t<\/div>\n\t\t\t\t\t<\/div>\n\t\t<\/article>\n\t\t\t\t<article class=\"elementor-post elementor-grid-item post-184 service type-service status-publish has-post-thumbnail hentry\" role=\"listitem\">\n\t\t\t<div class=\"elementor-post__card\">\n\t\t\t\t<a class=\"elementor-post__thumbnail__link\" href=\"https:\/\/businessclaim.be\/nl\/service\/responsabilite-et-fautes-professionnelles\/\" tabindex=\"-1\" ><div class=\"elementor-post__thumbnail\"><img decoding=\"async\" width=\"300\" height=\"200\" data-src=\"https:\/\/businessclaim.be\/wp-content\/uploads\/2025\/08\/team_meeting-300x200.webp\" class=\"attachment-medium size-medium wp-image-77 lazyload\" alt=\"\u00c9quipe d&#039;avocats BusinessClaim r\u00e9union strat\u00e9gique litiges commerciaux\" data-srcset=\"https:\/\/businessclaim.be\/wp-content\/uploads\/2025\/08\/team_meeting-300x200.webp 300w, https:\/\/businessclaim.be\/wp-content\/uploads\/2025\/08\/team_meeting.webp 612w\" data-sizes=\"(max-width: 300px) 100vw, 300px\" src=\"data:image\/svg+xml;base64,PHN2ZyB3aWR0aD0iMSIgaGVpZ2h0PSIxIiB4bWxucz0iaHR0cDovL3d3dy53My5vcmcvMjAwMC9zdmciPjwvc3ZnPg==\" style=\"--smush-placeholder-width: 300px; --smush-placeholder-aspect-ratio: 300\/200;\" \/><\/div><\/a>\n\t\t\t\t<div class=\"elementor-post__text\">\n\t\t\t\t<h3 class=\"elementor-post__title\">\n\t\t\t<a href=\"https:\/\/businessclaim.be\/nl\/service\/responsabilite-et-fautes-professionnelles\/\" >\n\t\t\t\tAansprakelijkheid en beroepsnalatigheid\t\t\t<\/a>\n\t\t<\/h3>\n\t\t\t\t<div class=\"elementor-post__excerpt\">\n\t\t\t<p>Schade veroorzaakt door een professional, een dienstverlener of een expert kan je bedrijf lamleggen, je reputatie schaden of een groot financieel verlies veroorzaken. Of het nu gaat om een technische fout,\t\t<\/div>\n\t\t\t\t\t<div class=\"elementor-post__read-more-wrapper\">\n\t\t\n\t\t<a class=\"elementor-post__read-more\" href=\"https:\/\/businessclaim.be\/nl\/service\/responsabilite-et-fautes-professionnelles\/\" aria-label=\"Read more about Responsabilit\u00e9 et fautes professionnelles\" tabindex=\"-1\" >\n\t\t\tLees meer \"\t\t<\/a>\n\n\t\t\t\t\t<\/div>\n\t\t\t\t<\/div>\n\t\t\t\t\t<\/div>\n\t\t<\/article>\n\t\t\t\t<article class=\"elementor-post elementor-grid-item post-185 service type-service status-publish has-post-thumbnail hentry\" role=\"listitem\">\n\t\t\t<div class=\"elementor-post__card\">\n\t\t\t\t<a class=\"elementor-post__thumbnail__link\" href=\"https:\/\/businessclaim.be\/nl\/service\/litiges-entre-associes-actionnaires-administrateurs-et-liquidateurs\/\" tabindex=\"-1\" ><div class=\"elementor-post__thumbnail\"><img decoding=\"async\" width=\"300\" height=\"169\" data-src=\"https:\/\/businessclaim.be\/wp-content\/uploads\/2025\/08\/law_26-300x169.webp\" class=\"attachment-medium size-medium wp-image-113 lazyload\" alt=\"\u00c9quipe d&#039;avocats BusinessClaim r\u00e9union strat\u00e9gique litiges commerciaux\" data-srcset=\"https:\/\/businessclaim.be\/wp-content\/uploads\/2025\/08\/law_26-300x169.webp 300w, https:\/\/businessclaim.be\/wp-content\/uploads\/2025\/08\/law_26-1024x576.webp 1024w, https:\/\/businessclaim.be\/wp-content\/uploads\/2025\/08\/law_26-768x432.webp 768w, https:\/\/businessclaim.be\/wp-content\/uploads\/2025\/08\/law_26-1536x864.webp 1536w, https:\/\/businessclaim.be\/wp-content\/uploads\/2025\/08\/law_26.webp 1920w\" data-sizes=\"(max-width: 300px) 100vw, 300px\" src=\"data:image\/svg+xml;base64,PHN2ZyB3aWR0aD0iMSIgaGVpZ2h0PSIxIiB4bWxucz0iaHR0cDovL3d3dy53My5vcmcvMjAwMC9zdmciPjwvc3ZnPg==\" style=\"--smush-placeholder-width: 300px; --smush-placeholder-aspect-ratio: 300\/169;\" \/><\/div><\/a>\n\t\t\t\t<div class=\"elementor-post__text\">\n\t\t\t\t<h3 class=\"elementor-post__title\">\n\t\t\t<a href=\"https:\/\/businessclaim.be\/nl\/service\/litiges-entre-associes-actionnaires-administrateurs-et-liquidateurs\/\" >\n\t\t\t\tGeschillen tussen vennoten, aandeelhouders, bestuurders en vereffenaars\t\t\t<\/a>\n\t\t<\/h3>\n\t\t\t\t<div class=\"elementor-post__excerpt\">\n\t\t\t<p>Interne spanningen zijn vaak het meest destructief. Wanneer de partners in een bedrijf of de aandeelhouders in een bedrijf met elkaar in conflict komen - over een kwestie van management, over een kwestie van\t\t<\/div>\n\t\t\t\t\t<div class=\"elementor-post__read-more-wrapper\">\n\t\t\n\t\t<a class=\"elementor-post__read-more\" href=\"https:\/\/businessclaim.be\/nl\/service\/litiges-entre-associes-actionnaires-administrateurs-et-liquidateurs\/\" aria-label=\"Read more about Litiges entre associ\u00e9s, actionnaires, administrateurs et liquidateurs\" tabindex=\"-1\" >\n\t\t\tLees meer \"\t\t<\/a>\n\n\t\t\t\t\t<\/div>\n\t\t\t\t<\/div>\n\t\t\t\t\t<\/div>\n\t\t<\/article>\n\t\t\t\t<\/div>\n\t\t\n\t\t\t\t\t\t<\/div>\n\t\t\t\t<\/div>\n\t\t\t\t\t<\/div>\n\t\t\t\t<\/div>\n\t\t\t\t<\/div>","protected":false},"excerpt":{"rendered":"<p>Avocat Litiges Commerciaux en Belgique &#8211; Expertise BusinessClaim \u00c0 propos de nous Contact<\/p>","protected":false},"author":1,"featured_media":0,"parent":0,"menu_order":0,"comment_status":"closed","ping_status":"closed","template":"","meta":{"_acf_changed":false,"footnotes":""},"class_list":["post-17","page","type-page","status-publish","hentry"],"acf":[],"_links":{"self":[{"href":"https:\/\/businessclaim.be\/nl\/wp-json\/wp\/v2\/pages\/17","targetHints":{"allow":["GET"]}}],"collection":[{"href":"https:\/\/businessclaim.be\/nl\/wp-json\/wp\/v2\/pages"}],"about":[{"href":"https:\/\/businessclaim.be\/nl\/wp-json\/wp\/v2\/types\/page"}],"author":[{"embeddable":true,"href":"https:\/\/businessclaim.be\/nl\/wp-json\/wp\/v2\/users\/1"}],"replies":[{"embeddable":true,"href":"https:\/\/businessclaim.be\/nl\/wp-json\/wp\/v2\/comments?post=17"}],"version-history":[{"count":41,"href":"https:\/\/businessclaim.be\/nl\/wp-json\/wp\/v2\/pages\/17\/revisions"}],"predecessor-version":[{"id":673,"href":"https:\/\/businessclaim.be\/nl\/wp-json\/wp\/v2\/pages\/17\/revisions\/673"}],"wp:attachment":[{"href":"https:\/\/businessclaim.be\/nl\/wp-json\/wp\/v2\/media?parent=17"}],"curies":[{"name":"wp","href":"https:\/\/api.w.org\/{rel}","templated":true}]}}